{"id":799197,"date":"2023-04-13T21:39:17","date_gmt":"2023-04-13T19:39:17","guid":{"rendered":"https:\/\/lemax-sailing.com\/?page_id=799197"},"modified":"2023-04-21T13:02:17","modified_gmt":"2023-04-21T11:02:17","slug":"impressum","status":"publish","type":"page","link":"https:\/\/lemax-sailing.com\/de\/impressum\/","title":{"rendered":"Impressum"},"content":{"rendered":"<p>[et_pb_section fb_built=&#8220;1&#8243; _builder_version=&#8220;4.20.0&#8243; _module_preset=&#8220;default&#8220; background_color=&#8220;gcid-9066c09b-94d7-43bc-a3f3-94b76c8fcdb8&#8243; custom_padding=&#8220;||30px||false|false&#8220; global_colors_info=&#8220;{}&#8220;][et_pb_row _builder_version=&#8220;4.20.0&#8243; _module_preset=&#8220;default&#8220; global_colors_info=&#8220;{}&#8220;][et_pb_column type=&#8220;4_4&#8243; _builder_version=&#8220;4.20.0&#8243; _module_preset=&#8220;default&#8220; global_colors_info=&#8220;{}&#8220;][et_pb_text _builder_version=&#8220;4.20.0&#8243; _module_preset=&#8220;default&#8220; hover_enabled=&#8220;0&#8243; global_colors_info=&#8220;{}&#8220; sticky_enabled=&#8220;0&#8243;]<\/p>\n<h1><b>Impressum<\/b><\/h1>\n<p><b>Verantwortliche Instanz:<\/b><br \/>Lemax Sailing GmbH<br \/>Eschfeldstrasse 3<br \/>6312 Steinhausen<br \/>Schweiz<br \/><strong>E-Mail<\/strong>: info@lemax-sailing.com<\/p>\n<p><strong>Vertretungsberechtigte Personen<\/strong><br \/>Daniel Thommen<\/p>\n<p><strong>Name des Unternehmens<\/strong>: Lemax Sailing GmbH<br \/><strong>Registrationsnummer<\/strong>: 1005728126<\/p>\n<p><strong>Haftungsausschluss<\/strong><br \/>Der Autor \u00fcbernimmt keine Gew\u00e4hr f\u00fcr die Richtigkeit, Genauigkeit, Aktualit\u00e4t, Zuverl\u00e4ssigkeit und Vollst\u00e4ndigkeit der Informationen.<br \/>Haftungsanspr\u00fcche gegen den Autor wegen Sch\u00e4den materieller oder immaterieller Art, die aus dem Zugriff oder der Nutzung bzw. Nichtnutzung der ver\u00f6ffentlichten Informationen, durch Missbrauch der Verbindung oder durch technische St\u00f6rungen entstanden sind, werden ausgeschlossen.<\/p>\n<p>Alle Angebote sind freibleibend. Der Autor beh\u00e4lt es sich ausdr\u00fccklich vor, Teile der Seiten oder das gesamte Angebot ohne gesonderte Ank\u00fcndigung zu ver\u00e4ndern, zu erg\u00e4nzen, zu l\u00f6schen oder die Ver\u00f6ffentlichung zeitweise oder endg\u00fcltig einzustellen.<\/p>\n<p><strong>Haftungsausschluss f\u00fcr Inhalte und Links<\/strong><br \/>Verweise und Links auf Webseiten Dritter liegen ausserhalb unseres Verantwortungsbereichs. Es wird jegliche Verantwortung f\u00fcr solche Webseiten abgelehnt. Der Zugriff und die Nutzung solcher Webseiten erfolgen auf eigene Gefahr des jeweiligen Nutzers.<\/p>\n<p><strong>Urheberrechtserkl\u00e4rung<\/strong><br \/>Die Urheber- und alle anderen Rechte an Inhalten, Bildern, Fotos oder anderen Dateien auf dieser Website, geh\u00f6ren ausschliesslich Lemax Sailing GmbH oder den speziell genannten Rechteinhabern. F\u00fcr die Reproduktion jeglicher Elemente ist die schriftliche Zustimmung des Urheberrechtstr\u00e4gers im Voraus einzuholen.<\/p>\n<p>[\/et_pb_text][\/et_pb_column][\/et_pb_row][\/et_pb_section]<\/p>\n","protected":false},"excerpt":{"rendered":"<p>Impressum Verantwortliche Instanz:Lemax Sailing GmbHEschfeldstrasse 36312 SteinhausenSchweizE-Mail: info@lemax-sailing.com Vertretungsberechtigte PersonenDaniel Thommen Name des Unternehmens: Lemax Sailing GmbHRegistrationsnummer: 1005728126 HaftungsausschlussDer Autor \u00fcbernimmt keine Gew\u00e4hr f\u00fcr die Richtigkeit, Genauigkeit, Aktualit\u00e4t, Zuverl\u00e4ssigkeit und Vollst\u00e4ndigkeit der Informationen.Haftungsanspr\u00fcche gegen den Autor wegen Sch\u00e4den materieller oder immaterieller Art, die aus dem Zugriff oder der Nutzung bzw. Nichtnutzung der ver\u00f6ffentlichten Informationen, durch [&hellip;]<\/p>\n","protected":false},"author":1,"featured_media":0,"parent":0,"menu_order":0,"comment_status":"closed","ping_status":"closed","template":"","meta":{"_et_pb_use_builder":"on","_et_pb_old_content":"<!-- wp:paragraph -->\n<p>This is an example page. It's different from a blog post because it will stay in one place and will show up in your site navigation (in most themes). Most people start with an About page that introduces them to potential site visitors. It might say something like this:<\/p>\n<!-- \/wp:paragraph -->\n\n<!-- wp:quote -->\n<blockquote class=\"wp-block-quote\"><!-- wp:paragraph -->\n<p>Hi there! I'm a bike messenger by day, aspiring actor by night, and this is my website. I live in Los Angeles, have a great dog named Jack, and I like pi\u00f1a coladas. (And gettin' caught in the rain.)<\/p>\n<!-- \/wp:paragraph --><\/blockquote>\n<!-- \/wp:quote -->\n\n<!-- wp:paragraph -->\n<p>...or something like this:<\/p>\n<!-- \/wp:paragraph -->\n\n<!-- wp:quote -->\n<blockquote class=\"wp-block-quote\"><!-- wp:paragraph -->\n<p>The XYZ Doohickey Company was founded in 1971, and has been providing quality doohickeys to the public ever since. Located in Gotham City, XYZ employs over 2,000 people and does all kinds of awesome things for the Gotham community.<\/p>\n<!-- \/wp:paragraph --><\/blockquote>\n<!-- \/wp:quote -->\n\n<!-- wp:paragraph -->\n<p>As a new WordPress user, you should go to <a href=\"https:\/\/lemax-sailing.com\/wp-admin\/\">your dashboard<\/a> to delete this page and create new pages for your content. Have fun!<\/p>\n<!-- \/wp:paragraph -->","_et_gb_content_width":"1080","footnotes":""},"class_list":["post-799197","page","type-page","status-publish","hentry"],"_links":{"self":[{"href":"https:\/\/lemax-sailing.com\/de\/wp-json\/wp\/v2\/pages\/799197","targetHints":{"allow":["GET"]}}],"collection":[{"href":"https:\/\/lemax-sailing.com\/de\/wp-json\/wp\/v2\/pages"}],"about":[{"href":"https:\/\/lemax-sailing.com\/de\/wp-json\/wp\/v2\/types\/page"}],"author":[{"embeddable":true,"href":"https:\/\/lemax-sailing.com\/de\/wp-json\/wp\/v2\/users\/1"}],"replies":[{"embeddable":true,"href":"https:\/\/lemax-sailing.com\/de\/wp-json\/wp\/v2\/comments?post=799197"}],"version-history":[{"count":4,"href":"https:\/\/lemax-sailing.com\/de\/wp-json\/wp\/v2\/pages\/799197\/revisions"}],"predecessor-version":[{"id":799567,"href":"https:\/\/lemax-sailing.com\/de\/wp-json\/wp\/v2\/pages\/799197\/revisions\/799567"}],"wp:attachment":[{"href":"https:\/\/lemax-sailing.com\/de\/wp-json\/wp\/v2\/media?parent=799197"}],"curies":[{"name":"wp","href":"https:\/\/api.w.org\/{rel}","templated":true}]}}