{"id":799161,"date":"2023-04-13T16:32:57","date_gmt":"2023-04-13T14:32:57","guid":{"rendered":"https:\/\/lemax-sailing.com\/?page_id=799161"},"modified":"2023-12-23T14:23:25","modified_gmt":"2023-12-23T13:23:25","slug":"ueber-uns","status":"publish","type":"page","link":"https:\/\/lemax-sailing.com\/de\/ueber-uns\/","title":{"rendered":"\u00dcber uns"},"content":{"rendered":"<p>[et_pb_section fb_built=&#8220;1&#8243; custom_padding_last_edited=&#8220;on|tablet&#8220; admin_label=&#8220;header&#8220; _builder_version=&#8220;4.20.0&#8243; _module_preset=&#8220;default&#8220; background_color=&#8220;gcid-1679a747-aa77-4119-a00f-dd80a13e41ad&#8220; background_image=&#8220;https:\/\/lemax-sailing.com\/wp-content\/uploads\/2023\/04\/header-ueber-uns-daniel-thommen-lemax-sailing.jpg&#8220; background_position=&#8220;top_center&#8220; background_vertical_offset=&#8220;-40px&#8220; height=&#8220;510px&#8220; height_tablet=&#8220;510px&#8220; height_phone=&#8220;350px&#8220; height_last_edited=&#8220;on|desktop&#8220; custom_margin=&#8220;0px||0px||true|false&#8220; custom_padding=&#8220;0px||350px||false|false&#8220; custom_padding_tablet=&#8220;0px||0px||false|false&#8220; custom_padding_phone=&#8220;0px||0px||false|false&#8220; bottom_divider_style=&#8220;wave&#8220; bottom_divider_color=&#8220;gcid-9066c09b-94d7-43bc-a3f3-94b76c8fcdb8&#8243; bottom_divider_height=&#8220;1vh&#8220; bottom_divider_repeat=&#8220;1x&#8220; bottom_divider_height_tablet=&#8220;1vh&#8220; bottom_divider_height_phone=&#8220;1vh&#8220; bottom_divider_height_last_edited=&#8220;on|desktop&#8220; background_last_edited=&#8220;on|tablet&#8220; background_position_tablet=&#8220;top_right&#8220; background_position_phone=&#8220;top_right&#8220; background_horizontal_offset_tablet=&#8220;35%&#8220; background_vertical_offset_tablet=&#8220;40px&#8220; global_colors_info=&#8220;{%22gcid-9066c09b-94d7-43bc-a3f3-94b76c8fcdb8%22:%91%22bottom_divider_color%22%93}&#8220;][\/et_pb_section][et_pb_section fb_built=&#8220;1&#8243; _builder_version=&#8220;4.20.0&#8243; _module_preset=&#8220;default&#8220; background_enable_color=&#8220;off&#8220; use_background_color_gradient=&#8220;on&#8220; background_color_gradient_direction=&#8220;0deg&#8220; background_color_gradient_stops=&#8220;gcid-5f4ff304-be3c-4be7-9fa9-d3d21014ccbc 0%|gcid-9066c09b-94d7-43bc-a3f3-94b76c8fcdb8 100%&#8220; background_color_gradient_overlays_image=&#8220;on&#8220; custom_padding=&#8220;0px||0px||false|false&#8220; top_divider_height_last_edited=&#8220;off|phone&#8220; bottom_divider_style=&#8220;wave&#8220; bottom_divider_color=&#8220;gcid-2150f110-3adb-445d-93a3-c3ee475ce85d&#8220; bottom_divider_height=&#8220;1vh&#8220; bottom_divider_flip=&#8220;vertical|horizontal&#8220; bottom_divider_style_last_edited=&#8220;off|tablet&#8220; bottom_divider_height_tablet=&#8220;1vh&#8220; bottom_divider_height_phone=&#8220;1vh&#8220; bottom_divider_height_last_edited=&#8220;on|phone&#8220; global_colors_info=&#8220;{%22gcid-2150f110-3adb-445d-93a3-c3ee475ce85d%22:%91%22bottom_divider_color%22%93,%22gcid-9066c09b-94d7-43bc-a3f3-94b76c8fcdb8%22:%91%22bottom_divider_color%22%93,%22gcid-31e293b6-ae83-46c1-90e4-303b2abf89a7%22:%91%22background_color%22%93}&#8220;][et_pb_row custom_padding_last_edited=&#8220;on|phone&#8220; _builder_version=&#8220;4.20.0&#8243; _module_preset=&#8220;default&#8220; custom_padding=&#8220;15px||20px||false|false&#8220; custom_padding_tablet=&#8220;15px||20px||false|false&#8220; custom_padding_phone=&#8220;||||false|false&#8220; global_colors_info=&#8220;{}&#8220;][et_pb_column type=&#8220;4_4&#8243; _builder_version=&#8220;4.20.0&#8243; _module_preset=&#8220;default&#8220; global_colors_info=&#8220;{}&#8220;][et_pb_text _builder_version=&#8220;4.20.0&#8243; _module_preset=&#8220;default&#8220; header_font=&#8220;||||||||&#8220; header_text_align=&#8220;center&#8220; global_colors_info=&#8220;{}&#8220;]<\/p>\n<h1>Wir lieben schnelle und sichere Yachten<\/h1>\n<p>[\/et_pb_text][\/et_pb_column][\/et_pb_row][\/et_pb_section][et_pb_section fb_built=&#8220;1&#8243; _builder_version=&#8220;4.20.0&#8243; _module_preset=&#8220;default&#8220; background_color=&#8220;gcid-31e293b6-ae83-46c1-90e4-303b2abf89a7&#8243; use_background_color_gradient=&#8220;on&#8220; background_color_gradient_direction=&#8220;0deg&#8220; background_color_gradient_stops=&#8220;gcid-820bf0af-5a0f-46a4-874d-785794349b43 0%|gcid-2150f110-3adb-445d-93a3-c3ee475ce85d 100%&#8220; custom_padding=&#8220;||30px||false|false&#8220; global_colors_info=&#8220;{%22gcid-31e293b6-ae83-46c1-90e4-303b2abf89a7%22:%91%22background_color%22,%22background_color_gradient_stops%22%93,%22gcid-2150f110-3adb-445d-93a3-c3ee475ce85d%22:%91%22background_color_gradient_stops%22%93}&#8220;][et_pb_row _builder_version=&#8220;4.20.0&#8243; _module_preset=&#8220;default&#8220; global_colors_info=&#8220;{}&#8220;][et_pb_column type=&#8220;4_4&#8243; _builder_version=&#8220;4.20.0&#8243; _module_preset=&#8220;default&#8220; global_colors_info=&#8220;{}&#8220;][et_pb_text _builder_version=&#8220;4.20.0&#8243; _module_preset=&#8220;default&#8220; text_text_color=&#8220;#FFFFFF&#8220; header_2_text_color=&#8220;#FFFFFF&#8220; text_orientation=&#8220;center&#8220; global_colors_info=&#8220;{}&#8220;]<\/p>\n<h2>Die Faszination f\u00fcrs Segeln hat uns alle gepackt<\/h2>\n<p>Dagmara und Daniel segeln zusammen seit sie sich kennen. Sie haben Ihre erste T\u00f6rnerfahrungen in der Masurischen Seenplatte im Norden von Polen gemacht. Ihre Kinder haben die Faszination am Segeln w\u00e4hrend T\u00f6rns auf diesen Seen im Norden Polens entdeckt.<\/p>\n<p>[\/et_pb_text][\/et_pb_column][\/et_pb_row][et_pb_row custom_padding_last_edited=&#8220;on|phone&#8220; admin_label=&#8220;divider-hell&#8220; _builder_version=&#8220;4.20.0&#8243; _module_preset=&#8220;default&#8220; background_color=&#8220;gcid-9066c09b-94d7-43bc-a3f3-94b76c8fcdb8&#8243; background_enable_color=&#8220;off&#8220; background_image=&#8220;https:\/\/lemax-sailing.com\/wp-content\/uploads\/2023\/04\/divider-lemax-sailing-transparent.svg&#8220; background_size=&#8220;custom&#8220; background_image_width=&#8220;100%&#8220; background_image_height=&#8220;55px&#8220; width=&#8220;90%&#8220; width_tablet=&#8220;100%&#8220; width_phone=&#8220;100%&#8220; width_last_edited=&#8220;on|phone&#8220; max_width=&#8220;1440px&#8220; max_width_tablet=&#8220;4000%&#8220; max_width_phone=&#8220;4000%&#8220; max_width_last_edited=&#8220;on|phone&#8220; module_alignment=&#8220;center&#8220; height=&#8220;100px&#8220; custom_margin=&#8220;15px||15px||true|false&#8220; custom_padding=&#8220;20px||20px||true|false&#8220; custom_padding_tablet=&#8220;20px||20px||true|false&#8220; custom_padding_phone=&#8220;0px||0px||true|false&#8220; background_last_edited=&#8220;on|desktop&#8220; background_image_width_tablet=&#8220;140%&#8220; background_image_width_phone=&#8220;280%&#8220; global_module=&#8220;29346&#8243; saved_tabs=&#8220;all&#8220; global_colors_info=&#8220;{%22gcid-9066c09b-94d7-43bc-a3f3-94b76c8fcdb8%22:%91%22background_color_gradient_stops%22,%22background_color%22%93}&#8220;][et_pb_column type=&#8220;4_4&#8243; _builder_version=&#8220;4.20.0&#8243; _module_preset=&#8220;default&#8220; global_colors_info=&#8220;{}&#8220;][\/et_pb_column][\/et_pb_row][et_pb_row column_structure=&#8220;1_3,2_3&#8243; module_class=&#8220;ga_toern_3_col&#8220; _builder_version=&#8220;4.20.0&#8243; _module_preset=&#8220;default&#8220; global_colors_info=&#8220;{}&#8220;][et_pb_column type=&#8220;1_3&#8243; _builder_version=&#8220;4.20.0&#8243; _module_preset=&#8220;default&#8220; global_colors_info=&#8220;{}&#8220;][et_pb_image src=&#8220;https:\/\/lemax-sailing.com\/wp-content\/uploads\/2023\/04\/daniel-thommen-portrait-800&#215;800-1.jpg&#8220; alt=&#8220;all-you-can-sail-lemax-sailing&#8220; title_text=&#8220;daniel-thommen-portrait-800&#215;800&#8243; force_fullwidth=&#8220;on&#8220; _builder_version=&#8220;4.20.0&#8243; _module_preset=&#8220;default&#8220; border_width_all=&#8220;5px&#8220; border_color_all=&#8220;#FFFFFF&#8220; global_colors_info=&#8220;{}&#8220;][\/et_pb_image][\/et_pb_column][et_pb_column type=&#8220;2_3&#8243; _builder_version=&#8220;4.20.0&#8243; _module_preset=&#8220;default&#8220; global_colors_info=&#8220;{}&#8220;][et_pb_text _builder_version=&#8220;4.20.0&#8243; _module_preset=&#8220;default&#8220; text_text_color=&#8220;#FFFFFF&#8220; header_2_text_color=&#8220;#FFFFFF&#8220; global_colors_info=&#8220;{}&#8220;]<\/p>\n<h2>Daniel<\/h2>\n<p>Als ausgebildeter Skipper mit 30-j\u00e4hriger Segelerfahrung, davon 15 Jahre auf Hochsee mit tausenden von Seemeilen, wird Dich Daniel meistens begleiten. An Land ist er in der Medizintechnik aktiv. Nach einer Mechanikerlehre, einer Fachhochschule und einem Studium an der ETH hatte er schon ein paar Funktionen. Entwickler, Entwicklungsleiter, Programm Manager, Produktionsleiter, \u2026 Zurzeit ist er als Berater unterwegs.<\/p>\n<p>[\/et_pb_text][\/et_pb_column][\/et_pb_row][et_pb_row module_class=&#8220;ga_toern_3_col&#8220; _builder_version=&#8220;4.20.0&#8243; _module_preset=&#8220;default&#8220; custom_padding=&#8220;0px||60px||false|false&#8220; global_colors_info=&#8220;{}&#8220;][et_pb_column type=&#8220;4_4&#8243; _builder_version=&#8220;4.20.0&#8243; _module_preset=&#8220;default&#8220; global_colors_info=&#8220;{}&#8220;][et_pb_text _builder_version=&#8220;4.20.0&#8243; _module_preset=&#8220;default&#8220; text_text_color=&#8220;#FFFFFF&#8220; header_2_text_color=&#8220;#FFFFFF&#8220; global_colors_info=&#8220;{}&#8220;]<\/p>\n<p>Er ist dreisprachig (Deutsch, Franz\u00f6sisch und Englisch) und schl\u00e4gt sich mittlerweile auf Italienisch, Spanisch und Polnisch durch. Das war schon in ein paar Revieren hilfreich.<\/p>\n<p>Am Anfang seiner Segelkarriere war er eher gem\u00fctlich unterwegs. Unter dem Einfluss seiner Kinder, die sehr ambitioniert an nationalen sowie international Regatten immer besser wurden, hat er die Faszination an schnelleren Yachten entdeckt. Die Sicherheit der Yachten, auf denen er unterwegs ist, hat die h\u00f6chste Priorit\u00e4t.<\/p>\n<p>Er war ein paar Jahre lang mit einem Ein-Rumpf Cruise-Racer unterwegs. W\u00e4hrend dieser Zeit hatte er auf dem Wasser eine Begegnung mit einem Performance Katamaran. Diese Begegnung hat seine Glaubenss\u00e4tze \u00fcber den Haufen geworfen. Schnelle Katamarane mit sehr guten Eigenschaften am Wind gab es zu entdecken. Mittlerweile hat er f\u00fcr jeden T\u00f6rn Typ ein paar Favoriten gefunden und freut sich, diese Erfahrungen mit Dir zu teilen.<\/p>\n<p>&nbsp;<\/p>\n<p>[\/et_pb_text][\/et_pb_column][\/et_pb_row][et_pb_row custom_padding_last_edited=&#8220;on|phone&#8220; admin_label=&#8220;divider-hell&#8220; _builder_version=&#8220;4.20.0&#8243; _module_preset=&#8220;default&#8220; background_color=&#8220;gcid-9066c09b-94d7-43bc-a3f3-94b76c8fcdb8&#8243; background_enable_color=&#8220;off&#8220; background_image=&#8220;https:\/\/lemax-sailing.com\/wp-content\/uploads\/2023\/04\/divider-lemax-sailing-transparent.svg&#8220; background_size=&#8220;custom&#8220; background_image_width=&#8220;100%&#8220; background_image_height=&#8220;55px&#8220; width=&#8220;90%&#8220; width_tablet=&#8220;100%&#8220; width_phone=&#8220;100%&#8220; width_last_edited=&#8220;on|phone&#8220; max_width=&#8220;1440px&#8220; max_width_tablet=&#8220;4000%&#8220; max_width_phone=&#8220;4000%&#8220; max_width_last_edited=&#8220;on|phone&#8220; module_alignment=&#8220;center&#8220; height=&#8220;100px&#8220; custom_margin=&#8220;15px||15px||true|false&#8220; custom_padding=&#8220;20px||20px||true|false&#8220; custom_padding_tablet=&#8220;20px||20px||true|false&#8220; custom_padding_phone=&#8220;0px||0px||true|false&#8220; background_last_edited=&#8220;on|desktop&#8220; background_image_width_tablet=&#8220;140%&#8220; background_image_width_phone=&#8220;280%&#8220; global_module=&#8220;29346&#8243; saved_tabs=&#8220;all&#8220; global_colors_info=&#8220;{%22gcid-9066c09b-94d7-43bc-a3f3-94b76c8fcdb8%22:%91%22background_color_gradient_stops%22,%22background_color%22%93}&#8220;][et_pb_column type=&#8220;4_4&#8243; _builder_version=&#8220;4.20.0&#8243; _module_preset=&#8220;default&#8220; global_colors_info=&#8220;{}&#8220;][\/et_pb_column][\/et_pb_row][et_pb_row column_structure=&#8220;2_3,1_3&#8243; module_class=&#8220;ga_toern_3_col&#8220; _builder_version=&#8220;4.20.0&#8243; _module_preset=&#8220;default&#8220; custom_padding=&#8220;60px||60px||false|false&#8220; global_colors_info=&#8220;{}&#8220;][et_pb_column type=&#8220;2_3&#8243; _builder_version=&#8220;4.20.0&#8243; _module_preset=&#8220;default&#8220; global_colors_info=&#8220;{}&#8220;][et_pb_text _builder_version=&#8220;4.20.0&#8243; _module_preset=&#8220;default&#8220; text_text_color=&#8220;#FFFFFF&#8220; header_2_text_color=&#8220;#FFFFFF&#8220; global_colors_info=&#8220;{}&#8220;]<\/p>\n<h2>L\u00e9o<\/h2>\n<p>L\u00e9o hat sich seine Leidenschaft zum Beruf gemacht. Er ist ausgebildeter Bootsbauer. Wenn er dabei ist, wird jede Havarie schnellstens fachm\u00e4nnisch behoben. Seit seinem 7. Lebensjahr, bis zur Lehre, ist er sehr intensiv national und international auf Optimisten und Lasern gesegelt. Er bevorzugt mittlerweile schnelle Skiffs und das Segeln auf Hochsee. Abh\u00e4ngig von der Besatzung wird er uns als Co-Skipper auf manchen T\u00f6rns begleiten.<\/p>\n<p>[\/et_pb_text][\/et_pb_column][et_pb_column type=&#8220;1_3&#8243; _builder_version=&#8220;4.20.0&#8243; _module_preset=&#8220;default&#8220; global_colors_info=&#8220;{}&#8220;][et_pb_image src=&#8220;https:\/\/lemax-sailing.com\/wp-content\/uploads\/2023\/04\/leo-thommen-zugersee-800&#215;800-1.jpg&#8220; alt=&#8220;all-you-can-sail-lemax-sailing&#8220; title_text=&#8220;leo-thommen-zugersee-800&#215;800&#8243; force_fullwidth=&#8220;on&#8220; _builder_version=&#8220;4.20.0&#8243; _module_preset=&#8220;default&#8220; border_width_all=&#8220;5px&#8220; border_color_all=&#8220;#FFFFFF&#8220; locked=&#8220;off&#8220; global_colors_info=&#8220;{}&#8220;][\/et_pb_image][\/et_pb_column][\/et_pb_row][et_pb_row custom_padding_last_edited=&#8220;on|phone&#8220; admin_label=&#8220;divider-hell&#8220; _builder_version=&#8220;4.20.0&#8243; _module_preset=&#8220;default&#8220; background_color=&#8220;gcid-9066c09b-94d7-43bc-a3f3-94b76c8fcdb8&#8243; background_enable_color=&#8220;off&#8220; background_image=&#8220;https:\/\/lemax-sailing.com\/wp-content\/uploads\/2023\/04\/divider-lemax-sailing-transparent.svg&#8220; background_size=&#8220;custom&#8220; background_image_width=&#8220;100%&#8220; background_image_height=&#8220;55px&#8220; width=&#8220;90%&#8220; width_tablet=&#8220;100%&#8220; width_phone=&#8220;100%&#8220; width_last_edited=&#8220;on|phone&#8220; max_width=&#8220;1440px&#8220; max_width_tablet=&#8220;4000%&#8220; max_width_phone=&#8220;4000%&#8220; max_width_last_edited=&#8220;on|phone&#8220; module_alignment=&#8220;center&#8220; height=&#8220;100px&#8220; custom_margin=&#8220;15px||15px||true|false&#8220; custom_padding=&#8220;20px||20px||true|false&#8220; custom_padding_tablet=&#8220;20px||20px||true|false&#8220; custom_padding_phone=&#8220;0px||0px||true|false&#8220; background_last_edited=&#8220;on|desktop&#8220; background_image_width_tablet=&#8220;140%&#8220; background_image_width_phone=&#8220;280%&#8220; global_module=&#8220;29346&#8243; saved_tabs=&#8220;all&#8220; global_colors_info=&#8220;{%22gcid-9066c09b-94d7-43bc-a3f3-94b76c8fcdb8%22:%91%22background_color_gradient_stops%22,%22background_color%22%93}&#8220;][et_pb_column type=&#8220;4_4&#8243; _builder_version=&#8220;4.20.0&#8243; _module_preset=&#8220;default&#8220; global_colors_info=&#8220;{}&#8220;][\/et_pb_column][\/et_pb_row][et_pb_row column_structure=&#8220;1_3,2_3&#8243; module_class=&#8220;ga_toern_3_col&#8220; _builder_version=&#8220;4.20.0&#8243; _module_preset=&#8220;default&#8220; custom_padding=&#8220;60px||60px||false|false&#8220; global_colors_info=&#8220;{}&#8220;][et_pb_column type=&#8220;1_3&#8243; _builder_version=&#8220;4.20.0&#8243; _module_preset=&#8220;default&#8220; global_colors_info=&#8220;{}&#8220;][et_pb_image src=&#8220;https:\/\/lemax-sailing.com\/wp-content\/uploads\/2023\/04\/maxime-thommen-800&#215;800-1.jpg&#8220; alt=&#8220;all-you-can-sail-lemax-sailing&#8220; title_text=&#8220;maxime-thommen-800&#215;800&#8243; force_fullwidth=&#8220;on&#8220; _builder_version=&#8220;4.20.0&#8243; _module_preset=&#8220;default&#8220; border_width_all=&#8220;5px&#8220; border_color_all=&#8220;#FFFFFF&#8220; locked=&#8220;off&#8220; global_colors_info=&#8220;{}&#8220;][\/et_pb_image][\/et_pb_column][et_pb_column type=&#8220;2_3&#8243; _builder_version=&#8220;4.20.0&#8243; _module_preset=&#8220;default&#8220; global_colors_info=&#8220;{}&#8220;][et_pb_text _builder_version=&#8220;4.20.0&#8243; _module_preset=&#8220;default&#8220; text_text_color=&#8220;#FFFFFF&#8220; header_2_text_color=&#8220;#FFFFFF&#8220; global_colors_info=&#8220;{}&#8220;]<\/p>\n<h2>Maxime<\/h2>\n<p>Maxime misst sich zurzeit mit den weltweit besten Laserseglern und erzielt regelm\u00e4ssig top 20 Pl\u00e4tze in der U21 Wertung. Wie sein \u00e4lterer Bruder, wurde er sehr fr\u00fch vom Regattavirus gepackt. Vor dem Umstieg auf den Laser sammelte er Erfahrungen auf dem Nacra 15. Wenn er dabei ist, wird der Trimm \u00f6fters optimiert \ud83d\ude0a. Er k\u00f6nnte an einem SLOW DOWN T\u00f6rn dabei sein.<\/p>\n<p>[\/et_pb_text][\/et_pb_column][\/et_pb_row][et_pb_row custom_padding_last_edited=&#8220;on|phone&#8220; admin_label=&#8220;divider-hell&#8220; _builder_version=&#8220;4.20.0&#8243; _module_preset=&#8220;default&#8220; background_color=&#8220;gcid-9066c09b-94d7-43bc-a3f3-94b76c8fcdb8&#8243; background_enable_color=&#8220;off&#8220; background_image=&#8220;https:\/\/lemax-sailing.com\/wp-content\/uploads\/2023\/04\/divider-lemax-sailing-transparent.svg&#8220; background_size=&#8220;custom&#8220; background_image_width=&#8220;100%&#8220; background_image_height=&#8220;55px&#8220; width=&#8220;90%&#8220; width_tablet=&#8220;100%&#8220; width_phone=&#8220;100%&#8220; width_last_edited=&#8220;on|phone&#8220; max_width=&#8220;1440px&#8220; max_width_tablet=&#8220;4000%&#8220; max_width_phone=&#8220;4000%&#8220; max_width_last_edited=&#8220;on|phone&#8220; module_alignment=&#8220;center&#8220; height=&#8220;100px&#8220; custom_margin=&#8220;15px||15px||true|false&#8220; custom_padding=&#8220;20px||20px||true|false&#8220; custom_padding_tablet=&#8220;20px||20px||true|false&#8220; custom_padding_phone=&#8220;0px||0px||true|false&#8220; background_last_edited=&#8220;on|desktop&#8220; background_image_width_tablet=&#8220;140%&#8220; background_image_width_phone=&#8220;280%&#8220; global_module=&#8220;29346&#8243; saved_tabs=&#8220;all&#8220; global_colors_info=&#8220;{%22gcid-9066c09b-94d7-43bc-a3f3-94b76c8fcdb8%22:%91%22background_color_gradient_stops%22,%22background_color%22%93}&#8220;][et_pb_column type=&#8220;4_4&#8243; _builder_version=&#8220;4.20.0&#8243; _module_preset=&#8220;default&#8220; global_colors_info=&#8220;{}&#8220;][\/et_pb_column][\/et_pb_row][et_pb_row module_class=&#8220;ga_toern_3_col&#8220; _builder_version=&#8220;4.20.0&#8243; _module_preset=&#8220;default&#8220; custom_padding=&#8220;60px||60px||false|false&#8220; global_colors_info=&#8220;{}&#8220;][et_pb_column type=&#8220;4_4&#8243; _builder_version=&#8220;4.20.0&#8243; _module_preset=&#8220;default&#8220; global_colors_info=&#8220;{}&#8220;][et_pb_text _builder_version=&#8220;4.20.0&#8243; _module_preset=&#8220;default&#8220; text_text_color=&#8220;#FFFFFF&#8220; header_2_text_color=&#8220;#FFFFFF&#8220; text_orientation=&#8220;center&#8220; global_colors_info=&#8220;{}&#8220;]<\/p>\n<h2>Dagmara<\/h2>\n<p>Dagmara ist der ruhige Pol und hilft unsere Tr\u00e4ume zu verwirklichen, indem Sie uns den R\u00fccken freih\u00e4lt. Sie bevorzugt ruhigeres Segeln vom Typ SLOW DOWN oder DISCOVERY.<\/p>\n<p>[\/et_pb_text][\/et_pb_column][\/et_pb_row][et_pb_row custom_padding_last_edited=&#8220;on|phone&#8220; admin_label=&#8220;divider-hell&#8220; _builder_version=&#8220;4.20.0&#8243; _module_preset=&#8220;default&#8220; background_color=&#8220;gcid-9066c09b-94d7-43bc-a3f3-94b76c8fcdb8&#8243; background_enable_color=&#8220;off&#8220; background_image=&#8220;https:\/\/lemax-sailing.com\/wp-content\/uploads\/2023\/04\/divider-lemax-sailing-transparent.svg&#8220; background_size=&#8220;custom&#8220; background_image_width=&#8220;100%&#8220; background_image_height=&#8220;55px&#8220; width=&#8220;90%&#8220; width_tablet=&#8220;100%&#8220; width_phone=&#8220;100%&#8220; width_last_edited=&#8220;on|phone&#8220; max_width=&#8220;1440px&#8220; max_width_tablet=&#8220;4000%&#8220; max_width_phone=&#8220;4000%&#8220; max_width_last_edited=&#8220;on|phone&#8220; module_alignment=&#8220;center&#8220; height=&#8220;100px&#8220; custom_margin=&#8220;15px||15px||true|false&#8220; custom_padding=&#8220;20px||20px||true|false&#8220; custom_padding_tablet=&#8220;20px||20px||true|false&#8220; custom_padding_phone=&#8220;0px||0px||true|false&#8220; background_last_edited=&#8220;on|desktop&#8220; background_image_width_tablet=&#8220;140%&#8220; background_image_width_phone=&#8220;280%&#8220; global_module=&#8220;29346&#8243; saved_tabs=&#8220;all&#8220; global_colors_info=&#8220;{%22gcid-9066c09b-94d7-43bc-a3f3-94b76c8fcdb8%22:%91%22background_color_gradient_stops%22,%22background_color%22%93}&#8220;][et_pb_column type=&#8220;4_4&#8243; _builder_version=&#8220;4.20.0&#8243; _module_preset=&#8220;default&#8220; global_colors_info=&#8220;{}&#8220;][\/et_pb_column][\/et_pb_row][et_pb_row _builder_version=&#8220;4.20.0&#8243; _module_preset=&#8220;default&#8220; locked=&#8220;off&#8220; global_colors_info=&#8220;{}&#8220;][et_pb_column type=&#8220;4_4&#8243; _builder_version=&#8220;4.20.0&#8243; _module_preset=&#8220;default&#8220; global_colors_info=&#8220;{}&#8220;][et_pb_text _builder_version=&#8220;4.20.0&#8243; _module_preset=&#8220;default&#8220; text_text_color=&#8220;#FFFFFF&#8220; header_2_text_color=&#8220;#FFFFFF&#8220; text_orientation=&#8220;center&#8220; global_colors_info=&#8220;{}&#8220;]<\/p>\n<h2>F\u00fcr jeden T\u00f6rn die ideale Yacht<\/h2>\n<p>Wir haben f\u00fcr jeden T\u00f6rn die ideale Yacht f\u00fcr Dich ausgesucht. Wir haben viele verschiedenen Typen evaluiert: Slups, klassische Charter Yachten, Cruise Racer, Race-Katamarane, \u2026<\/p>\n<p>Schlussendlich sind wir beim <strong>Performance Katamaran<\/strong> gelandet. Dieser verbindet Komfort, Sicherheit und hervorragende Segeleigenschaften am Wind, sowie bei schwachem Wind. Wo andere Yachten bereits unter Motor unterwegs sind, segeln wir gleich so schnell weiter. Du wirst begeistert sein! Diese werden f\u00fcr <strong>ALL YOU CAN SAIL<\/strong> T\u00f6rns verwendet.<\/p>\n<p>F\u00fcr <strong>DISCOVERY<\/strong> T\u00f6rns werden entweder <strong>Performance Katamarane<\/strong> oder schnelle und komfortable <strong>Trimarane<\/strong> ben\u00fctzt, bei denen man noch ein bisschen Einrumpf-Segelfeeling erlebt.<\/p>\n<p>F\u00fcr <strong>SLOW DOWN<\/strong> T\u00f6rns wird <strong>\u00abdie K\u00f6nigin der Masuren\u00bb<\/strong> verwendet. Der <strong>33\/34 Hubkieler<\/strong> vereint die besten Segeleigenschaften mit dem besten Komfort, den es auf der Masurischen Seeplatte gibt.<\/p>\n<p>[\/et_pb_text][\/et_pb_column][\/et_pb_row][\/et_pb_section]<\/p>\n","protected":false},"excerpt":{"rendered":"<p>Wir lieben schnelle und sichere YachtenDie Faszination f\u00fcrs Segeln hat uns alle gepackt Dagmara und Daniel segeln zusammen seit sie sich kennen. Sie haben Ihre erste T\u00f6rnerfahrungen in der Masurischen Seenplatte im Norden von Polen gemacht. Ihre Kinder haben die Faszination am Segeln w\u00e4hrend T\u00f6rns auf diesen Seen im Norden Polens entdeckt.Daniel Als ausgebildeter Skipper [&hellip;]<\/p>\n","protected":false},"author":1,"featured_media":0,"parent":0,"menu_order":0,"comment_status":"closed","ping_status":"closed","template":"","meta":{"_et_pb_use_builder":"on","_et_pb_old_content":"<!-- wp:paragraph -->\n<p>This is an example page. It's different from a blog post because it will stay in one place and will show up in your site navigation (in most themes). Most people start with an About page that introduces them to potential site visitors. It might say something like this:<\/p>\n<!-- \/wp:paragraph -->\n\n<!-- wp:quote -->\n<blockquote class=\"wp-block-quote\"><!-- wp:paragraph -->\n<p>Hi there! I'm a bike messenger by day, aspiring actor by night, and this is my website. I live in Los Angeles, have a great dog named Jack, and I like pi\u00f1a coladas. (And gettin' caught in the rain.)<\/p>\n<!-- \/wp:paragraph --><\/blockquote>\n<!-- \/wp:quote -->\n\n<!-- wp:paragraph -->\n<p>...or something like this:<\/p>\n<!-- \/wp:paragraph -->\n\n<!-- wp:quote -->\n<blockquote class=\"wp-block-quote\"><!-- wp:paragraph -->\n<p>The XYZ Doohickey Company was founded in 1971, and has been providing quality doohickeys to the public ever since. Located in Gotham City, XYZ employs over 2,000 people and does all kinds of awesome things for the Gotham community.<\/p>\n<!-- \/wp:paragraph --><\/blockquote>\n<!-- \/wp:quote -->\n\n<!-- wp:paragraph -->\n<p>As a new WordPress user, you should go to <a href=\"https:\/\/lemax-sailing.com\/wp-admin\/\">your dashboard<\/a> to delete this page and create new pages for your content. Have fun!<\/p>\n<!-- \/wp:paragraph -->","_et_gb_content_width":"1080","footnotes":""},"class_list":["post-799161","page","type-page","status-publish","hentry"],"_links":{"self":[{"href":"https:\/\/lemax-sailing.com\/de\/wp-json\/wp\/v2\/pages\/799161","targetHints":{"allow":["GET"]}}],"collection":[{"href":"https:\/\/lemax-sailing.com\/de\/wp-json\/wp\/v2\/pages"}],"about":[{"href":"https:\/\/lemax-sailing.com\/de\/wp-json\/wp\/v2\/types\/page"}],"author":[{"embeddable":true,"href":"https:\/\/lemax-sailing.com\/de\/wp-json\/wp\/v2\/users\/1"}],"replies":[{"embeddable":true,"href":"https:\/\/lemax-sailing.com\/de\/wp-json\/wp\/v2\/comments?post=799161"}],"version-history":[{"count":26,"href":"https:\/\/lemax-sailing.com\/de\/wp-json\/wp\/v2\/pages\/799161\/revisions"}],"predecessor-version":[{"id":799733,"href":"https:\/\/lemax-sailing.com\/de\/wp-json\/wp\/v2\/pages\/799161\/revisions\/799733"}],"wp:attachment":[{"href":"https:\/\/lemax-sailing.com\/de\/wp-json\/wp\/v2\/media?parent=799161"}],"curies":[{"name":"wp","href":"https:\/\/api.w.org\/{rel}","templated":true}]}}